{"id":10,"date":"2021-03-03T11:40:55","date_gmt":"2021-03-03T11:40:55","guid":{"rendered":"https:\/\/transportadorazarco.com\/?page_id=10"},"modified":"2024-12-28T01:13:54","modified_gmt":"2024-12-28T01:13:54","slug":"inicio","status":"publish","type":"page","link":"https:\/\/transportadorazarco.com\/","title":{"rendered":"Inicio"},"content":{"rendered":"\t\t<div data-elementor-type=\"wp-page\" data-elementor-id=\"10\" class=\"elementor elementor-10\">\n\t\t\t\t<div class=\"elementor-element elementor-element-47ae2bc e-flex e-con-boxed e-con e-parent\" data-id=\"47ae2bc\" data-element_type=\"container\">\n\t\t\t\t\t<div class=\"e-con-inner\">\n\t\t\t\t<div class=\"elementor-element elementor-element-f5d5654 elementor-widget elementor-widget-image\" data-id=\"f5d5654\" data-element_type=\"widget\" data-widget_type=\"image.default\">\n\t\t\t\t<div class=\"elementor-widget-container\">\n\t\t\t\t\t\t\t\t\t\t\t\t\t\t\t<img fetchpriority=\"high\" decoding=\"async\" width=\"800\" height=\"313\" src=\"https:\/\/transportadorazarco.com\/wp-content\/uploads\/2021\/03\/banner.jpg\" class=\"attachment-large size-large wp-image-63\" alt=\"\" srcset=\"https:\/\/transportadorazarco.com\/wp-content\/uploads\/2021\/03\/banner.jpg 1024w, https:\/\/transportadorazarco.com\/wp-content\/uploads\/2021\/03\/banner-300x117.jpg 300w, https:\/\/transportadorazarco.com\/wp-content\/uploads\/2021\/03\/banner-768x300.jpg 768w\" sizes=\"(max-width: 800px) 100vw, 800px\" \/>\t\t\t\t\t\t\t\t\t\t\t\t\t\t\t<\/div>\n\t\t\t\t<\/div>\n\t\t\t\t\t<\/div>\n\t\t\t\t<\/div>\n\t\t<div class=\"elementor-element elementor-element-62d37a3 e-flex e-con-boxed e-con e-parent\" data-id=\"62d37a3\" data-element_type=\"container\">\n\t\t\t\t\t<div class=\"e-con-inner\">\n\t\t\t\t<div class=\"elementor-element elementor-element-659ee95 elementor-widget elementor-widget-heading\" data-id=\"659ee95\" data-element_type=\"widget\" data-widget_type=\"heading.default\">\n\t\t\t\t<div class=\"elementor-widget-container\">\n\t\t\t\t\t<h2 class=\"elementor-heading-title elementor-size-default\">Transportamos tu mercanc\u00eda, cuidamos tu negocio, 30 a\u00f1os entregando confianza.<\/h2>\t\t\t\t<\/div>\n\t\t\t\t<\/div>\n\t\t\t\t\t<\/div>\n\t\t\t\t<\/div>\n\t\t<div class=\"elementor-element elementor-element-c472177 e-flex e-con-boxed e-con e-parent\" data-id=\"c472177\" data-element_type=\"container\">\n\t\t\t\t\t<div class=\"e-con-inner\">\n\t\t\t\t<div class=\"elementor-element elementor-element-037781d elementor-widget elementor-widget-text-editor\" data-id=\"037781d\" data-element_type=\"widget\" data-widget_type=\"text-editor.default\">\n\t\t\t\t<div class=\"elementor-widget-container\">\n\t\t\t\t\t\t\t\t\t<p><strong>Transportadora Zarco<\/strong> es una empresa 100% mexicana con m\u00e1s de <strong>30 a\u00f1os<\/strong> de trayectoria, fundada en <strong>Acolman, Estado de M\u00e9xico<\/strong>. A lo largo de tres d\u00e9cadas, nos hemos consolidado como un referente nacional en el transporte de mercanc\u00edas, especializados en ofrecer soluciones log\u00edsticas para todo tipo de carga, desde unidades peque\u00f1as de 1.5 toneladas hasta <strong>sobredimensiones<\/strong>, siempre con un enfoque en la seguridad, la puntualidad y el cuidado extremo de cada producto.<\/p>\t\t\t\t\t\t\t\t<\/div>\n\t\t\t\t<\/div>\n\t\t\t\t\t<\/div>\n\t\t\t\t<\/div>\n\t\t<div class=\"elementor-element elementor-element-030b9a3 e-flex e-con-boxed e-con e-parent\" data-id=\"030b9a3\" data-element_type=\"container\">\n\t\t\t\t\t<div class=\"e-con-inner\">\n\t\t\t\t<div class=\"elementor-element elementor-element-205f0eb elementor-arrows-position-inside elementor-pagination-position-outside elementor-widget elementor-widget-image-carousel\" data-id=\"205f0eb\" data-element_type=\"widget\" data-settings=\"{&quot;slides_to_show&quot;:&quot;1&quot;,&quot;navigation&quot;:&quot;both&quot;,&quot;autoplay&quot;:&quot;yes&quot;,&quot;pause_on_hover&quot;:&quot;yes&quot;,&quot;pause_on_interaction&quot;:&quot;yes&quot;,&quot;autoplay_speed&quot;:5000,&quot;infinite&quot;:&quot;yes&quot;,&quot;effect&quot;:&quot;slide&quot;,&quot;speed&quot;:500}\" data-widget_type=\"image-carousel.default\">\n\t\t\t\t<div class=\"elementor-widget-container\">\n\t\t\t\t\t\t\t<div class=\"elementor-image-carousel-wrapper swiper\" role=\"region\" aria-roledescription=\"carousel\" aria-label=\"Carrusel de Im\u00e1genes\" dir=\"ltr\">\n\t\t\t<div class=\"elementor-image-carousel swiper-wrapper\" aria-live=\"off\">\n\t\t\t\t\t\t\t\t<div class=\"swiper-slide\" role=\"group\" aria-roledescription=\"slide\" aria-label=\"1 de 5\"><figure class=\"swiper-slide-inner\"><img decoding=\"async\" class=\"swiper-slide-image\" src=\"https:\/\/transportadorazarco.com\/wp-content\/uploads\/2024\/12\/sunset-3702905_1920-1024x576.jpg\" alt=\"sunset-3702905_1920\" \/><\/figure><\/div><div class=\"swiper-slide\" role=\"group\" aria-roledescription=\"slide\" aria-label=\"2 de 5\"><figure class=\"swiper-slide-inner\"><img decoding=\"async\" class=\"swiper-slide-image\" src=\"https:\/\/transportadorazarco.com\/wp-content\/uploads\/2024\/12\/transport-3210728_1280-1024x739.jpg\" alt=\"transport-3210728_1280\" \/><\/figure><\/div><div class=\"swiper-slide\" role=\"group\" aria-roledescription=\"slide\" aria-label=\"3 de 5\"><figure class=\"swiper-slide-inner\"><img decoding=\"async\" class=\"swiper-slide-image\" src=\"https:\/\/transportadorazarco.com\/wp-content\/uploads\/2024\/12\/pexels-davidpeinado-8315130-1024x683.jpg\" alt=\"pexels-davidpeinado-8315130\" \/><\/figure><\/div><div class=\"swiper-slide\" role=\"group\" aria-roledescription=\"slide\" aria-label=\"4 de 5\"><figure class=\"swiper-slide-inner\"><img decoding=\"async\" class=\"swiper-slide-image\" src=\"https:\/\/transportadorazarco.com\/wp-content\/uploads\/2024\/12\/truck-1565478_1280-1024x686.jpg\" alt=\"truck-1565478_1280\" \/><\/figure><\/div><div class=\"swiper-slide\" role=\"group\" aria-roledescription=\"slide\" aria-label=\"5 de 5\"><figure class=\"swiper-slide-inner\"><img decoding=\"async\" class=\"swiper-slide-image\" src=\"https:\/\/transportadorazarco.com\/wp-content\/uploads\/2024\/12\/transport-4914869_1920-1024x575.jpg\" alt=\"transport-4914869_1920\" \/><\/figure><\/div>\t\t\t<\/div>\n\t\t\t\t\t\t\t\t\t\t\t\t<div class=\"elementor-swiper-button elementor-swiper-button-prev\" role=\"button\" tabindex=\"0\">\n\t\t\t\t\t\t<svg aria-hidden=\"true\" class=\"e-font-icon-svg e-eicon-chevron-left\" viewBox=\"0 0 1000 1000\" xmlns=\"http:\/\/www.w3.org\/2000\/svg\"><path d=\"M646 125C629 125 613 133 604 142L308 442C296 454 292 471 292 487 292 504 296 521 308 533L604 854C617 867 629 875 646 875 663 875 679 871 692 858 704 846 713 829 713 812 713 796 708 779 692 767L438 487 692 225C700 217 708 204 708 187 708 171 704 154 692 142 675 129 663 125 646 125Z\"><\/path><\/svg>\t\t\t\t\t<\/div>\n\t\t\t\t\t<div class=\"elementor-swiper-button elementor-swiper-button-next\" role=\"button\" tabindex=\"0\">\n\t\t\t\t\t\t<svg aria-hidden=\"true\" class=\"e-font-icon-svg e-eicon-chevron-right\" viewBox=\"0 0 1000 1000\" xmlns=\"http:\/\/www.w3.org\/2000\/svg\"><path d=\"M696 533C708 521 713 504 713 487 713 471 708 454 696 446L400 146C388 133 375 125 354 125 338 125 325 129 313 142 300 154 292 171 292 187 292 204 296 221 308 233L563 492 304 771C292 783 288 800 288 817 288 833 296 850 308 863 321 871 338 875 354 875 371 875 388 867 400 854L696 533Z\"><\/path><\/svg>\t\t\t\t\t<\/div>\n\t\t\t\t\n\t\t\t\t\t\t\t\t\t<div class=\"swiper-pagination\"><\/div>\n\t\t\t\t\t\t\t\t\t<\/div>\n\t\t\t\t\t\t<\/div>\n\t\t\t\t<\/div>\n\t\t\t\t\t<\/div>\n\t\t\t\t<\/div>\n\t\t<div class=\"elementor-element elementor-element-8d7dad0 e-flex e-con-boxed e-con e-parent\" data-id=\"8d7dad0\" data-element_type=\"container\">\n\t\t\t\t\t<div class=\"e-con-inner\">\n\t\t\t\t<div class=\"elementor-element elementor-element-0fbefd8 elementor-widget elementor-widget-shortcode\" data-id=\"0fbefd8\" data-element_type=\"widget\" data-widget_type=\"shortcode.default\">\n\t\t\t\t<div class=\"elementor-widget-container\">\n\t\t\t\t\t\t\t<div class=\"elementor-shortcode\">\t\t<div data-elementor-type=\"wp-post\" data-elementor-id=\"183\" class=\"elementor elementor-183\">\n\t\t\t\t<div class=\"elementor-element elementor-element-2d25e5f e-flex e-con-boxed e-con e-parent\" data-id=\"2d25e5f\" data-element_type=\"container\" data-settings=\"{&quot;background_background&quot;:&quot;classic&quot;}\">\n\t\t\t\t\t<div class=\"e-con-inner\">\n\t\t\t\t<div class=\"elementor-element elementor-element-3f46610 elementor-widget elementor-widget-heading\" data-id=\"3f46610\" data-element_type=\"widget\" data-widget_type=\"heading.default\">\n\t\t\t\t<div class=\"elementor-widget-container\">\n\t\t\t\t\t<h2 class=\"elementor-heading-title elementor-size-default\">Cont\u00e1ctanos<\/h2>\t\t\t\t<\/div>\n\t\t\t\t<\/div>\n\t\t\t\t<div class=\"elementor-element elementor-element-b38c820 elementor-align-center elementor-widget elementor-widget-button\" data-id=\"b38c820\" data-element_type=\"widget\" data-widget_type=\"button.default\">\n\t\t\t\t<div class=\"elementor-widget-container\">\n\t\t\t\t\t\t\t\t\t<div class=\"elementor-button-wrapper\">\n\t\t\t\t\t<a class=\"elementor-button elementor-button-link elementor-size-sm\" href=\"https:\/\/wa.me\/525573618470\">\n\t\t\t\t\t\t<span class=\"elementor-button-content-wrapper\">\n\t\t\t\t\t\t\t\t\t<span class=\"elementor-button-text\">Cotiza ahora<\/span>\n\t\t\t\t\t<\/span>\n\t\t\t\t\t<\/a>\n\t\t\t\t<\/div>\n\t\t\t\t\t\t\t\t<\/div>\n\t\t\t\t<\/div>\n\t\t\t\t\t<\/div>\n\t\t\t\t<\/div>\n\t\t\t\t<\/div>\n\t\t<\/div>\n\t\t\t\t\t\t<\/div>\n\t\t\t\t<\/div>\n\t\t\t\t\t<\/div>\n\t\t\t\t<\/div>\n\t\t\t\t<\/div>\n\t\t","protected":false},"excerpt":{"rendered":"<p>Transportamos tu mercanc\u00eda, cuidamos tu negocio, 30 a\u00f1os entregando confianza. Transportadora Zarco es una empresa 100% mexicana con m\u00e1s de 30 a\u00f1os de trayectoria, fundada en Acolman, Estado de M\u00e9xico. A lo largo de tres d\u00e9cadas, nos hemos consolidado como un referente nacional en el transporte de mercanc\u00edas, especializados en ofrecer soluciones log\u00edsticas para todo [&hellip;]<\/p>\n","protected":false},"author":1,"featured_media":0,"parent":0,"menu_order":0,"comment_status":"closed","ping_status":"closed","template":"","meta":{"_joinchat":[],"footnotes":""},"class_list":["post-10","page","type-page","status-publish","hentry"],"yoast_head":"<!-- This site is optimized with the Yoast SEO plugin v24.9 - https:\/\/yoast.com\/wordpress\/plugins\/seo\/ -->\n<title>Inicio - Transportadora Zarco<\/title>\n<meta name=\"robots\" content=\"index, follow, max-snippet:-1, max-image-preview:large, max-video-preview:-1\" \/>\n<link rel=\"canonical\" href=\"https:\/\/transportadorazarco.com\/\" \/>\n<meta property=\"og:locale\" content=\"es_MX\" \/>\n<meta property=\"og:type\" content=\"article\" \/>\n<meta property=\"og:title\" content=\"Inicio - Transportadora Zarco\" \/>\n<meta property=\"og:description\" content=\"Transportamos tu mercanc\u00eda, cuidamos tu negocio, 30 a\u00f1os entregando confianza. Transportadora Zarco es una empresa 100% mexicana con m\u00e1s de 30 a\u00f1os de trayectoria, fundada en Acolman, Estado de M\u00e9xico. A lo largo de tres d\u00e9cadas, nos hemos consolidado como un referente nacional en el transporte de mercanc\u00edas, especializados en ofrecer soluciones log\u00edsticas para todo [&hellip;]\" \/>\n<meta property=\"og:url\" content=\"https:\/\/transportadorazarco.com\/\" \/>\n<meta property=\"og:site_name\" content=\"Transportadora Zarco\" \/>\n<meta property=\"article:modified_time\" content=\"2024-12-28T01:13:54+00:00\" \/>\n<meta property=\"og:image\" content=\"https:\/\/transportadorazarco.com\/wp-content\/uploads\/2021\/03\/banner.jpg\" \/>\n\t<meta property=\"og:image:width\" content=\"1024\" \/>\n\t<meta property=\"og:image:height\" content=\"400\" \/>\n\t<meta property=\"og:image:type\" content=\"image\/jpeg\" \/>\n<meta name=\"twitter:card\" content=\"summary_large_image\" \/>\n<meta name=\"twitter:label1\" content=\"Tiempo de lectura\" \/>\n\t<meta name=\"twitter:data1\" content=\"2 minutos\" \/>\n<script type=\"application\/ld+json\" class=\"yoast-schema-graph\">{\"@context\":\"https:\/\/schema.org\",\"@graph\":[{\"@type\":\"WebPage\",\"@id\":\"https:\/\/transportadorazarco.com\/\",\"url\":\"https:\/\/transportadorazarco.com\/\",\"name\":\"Inicio - Transportadora Zarco\",\"isPartOf\":{\"@id\":\"https:\/\/transportadorazarco.com\/#website\"},\"primaryImageOfPage\":{\"@id\":\"https:\/\/transportadorazarco.com\/#primaryimage\"},\"image\":{\"@id\":\"https:\/\/transportadorazarco.com\/#primaryimage\"},\"thumbnailUrl\":\"https:\/\/transportadorazarco.com\/wp-content\/uploads\/2021\/03\/banner.jpg\",\"datePublished\":\"2021-03-03T11:40:55+00:00\",\"dateModified\":\"2024-12-28T01:13:54+00:00\",\"breadcrumb\":{\"@id\":\"https:\/\/transportadorazarco.com\/#breadcrumb\"},\"inLanguage\":\"es\",\"potentialAction\":[{\"@type\":\"ReadAction\",\"target\":[\"https:\/\/transportadorazarco.com\/\"]}]},{\"@type\":\"ImageObject\",\"inLanguage\":\"es\",\"@id\":\"https:\/\/transportadorazarco.com\/#primaryimage\",\"url\":\"https:\/\/transportadorazarco.com\/wp-content\/uploads\/2021\/03\/banner.jpg\",\"contentUrl\":\"https:\/\/transportadorazarco.com\/wp-content\/uploads\/2021\/03\/banner.jpg\",\"width\":1024,\"height\":400},{\"@type\":\"BreadcrumbList\",\"@id\":\"https:\/\/transportadorazarco.com\/#breadcrumb\",\"itemListElement\":[{\"@type\":\"ListItem\",\"position\":1,\"name\":\"Inicio\",\"item\":\"https:\/\/transportadorazarco.com\/\"},{\"@type\":\"ListItem\",\"position\":2,\"name\":\"Inicio\"}]},{\"@type\":\"WebSite\",\"@id\":\"https:\/\/transportadorazarco.com\/#website\",\"url\":\"https:\/\/transportadorazarco.com\/\",\"name\":\"Transportadora Zarco\",\"description\":\"Servicio Publico Federal de carga\",\"potentialAction\":[{\"@type\":\"SearchAction\",\"target\":{\"@type\":\"EntryPoint\",\"urlTemplate\":\"https:\/\/transportadorazarco.com\/?s={search_term_string}\"},\"query-input\":{\"@type\":\"PropertyValueSpecification\",\"valueRequired\":true,\"valueName\":\"search_term_string\"}}],\"inLanguage\":\"es\"}]}<\/script>\n<!-- \/ Yoast SEO plugin. -->","yoast_head_json":{"title":"Inicio - Transportadora Zarco","robots":{"index":"index","follow":"follow","max-snippet":"max-snippet:-1","max-image-preview":"max-image-preview:large","max-video-preview":"max-video-preview:-1"},"canonical":"https:\/\/transportadorazarco.com\/","og_locale":"es_MX","og_type":"article","og_title":"Inicio - Transportadora Zarco","og_description":"Transportamos tu mercanc\u00eda, cuidamos tu negocio, 30 a\u00f1os entregando confianza. Transportadora Zarco es una empresa 100% mexicana con m\u00e1s de 30 a\u00f1os de trayectoria, fundada en Acolman, Estado de M\u00e9xico. A lo largo de tres d\u00e9cadas, nos hemos consolidado como un referente nacional en el transporte de mercanc\u00edas, especializados en ofrecer soluciones log\u00edsticas para todo [&hellip;]","og_url":"https:\/\/transportadorazarco.com\/","og_site_name":"Transportadora Zarco","article_modified_time":"2024-12-28T01:13:54+00:00","og_image":[{"width":1024,"height":400,"url":"https:\/\/transportadorazarco.com\/wp-content\/uploads\/2021\/03\/banner.jpg","type":"image\/jpeg"}],"twitter_card":"summary_large_image","twitter_misc":{"Tiempo de lectura":"2 minutos"},"schema":{"@context":"https:\/\/schema.org","@graph":[{"@type":"WebPage","@id":"https:\/\/transportadorazarco.com\/","url":"https:\/\/transportadorazarco.com\/","name":"Inicio - Transportadora Zarco","isPartOf":{"@id":"https:\/\/transportadorazarco.com\/#website"},"primaryImageOfPage":{"@id":"https:\/\/transportadorazarco.com\/#primaryimage"},"image":{"@id":"https:\/\/transportadorazarco.com\/#primaryimage"},"thumbnailUrl":"https:\/\/transportadorazarco.com\/wp-content\/uploads\/2021\/03\/banner.jpg","datePublished":"2021-03-03T11:40:55+00:00","dateModified":"2024-12-28T01:13:54+00:00","breadcrumb":{"@id":"https:\/\/transportadorazarco.com\/#breadcrumb"},"inLanguage":"es","potentialAction":[{"@type":"ReadAction","target":["https:\/\/transportadorazarco.com\/"]}]},{"@type":"ImageObject","inLanguage":"es","@id":"https:\/\/transportadorazarco.com\/#primaryimage","url":"https:\/\/transportadorazarco.com\/wp-content\/uploads\/2021\/03\/banner.jpg","contentUrl":"https:\/\/transportadorazarco.com\/wp-content\/uploads\/2021\/03\/banner.jpg","width":1024,"height":400},{"@type":"BreadcrumbList","@id":"https:\/\/transportadorazarco.com\/#breadcrumb","itemListElement":[{"@type":"ListItem","position":1,"name":"Inicio","item":"https:\/\/transportadorazarco.com\/"},{"@type":"ListItem","position":2,"name":"Inicio"}]},{"@type":"WebSite","@id":"https:\/\/transportadorazarco.com\/#website","url":"https:\/\/transportadorazarco.com\/","name":"Transportadora Zarco","description":"Servicio Publico Federal de carga","potentialAction":[{"@type":"SearchAction","target":{"@type":"EntryPoint","urlTemplate":"https:\/\/transportadorazarco.com\/?s={search_term_string}"},"query-input":{"@type":"PropertyValueSpecification","valueRequired":true,"valueName":"search_term_string"}}],"inLanguage":"es"}]}},"_links":{"self":[{"href":"https:\/\/transportadorazarco.com\/index.php\/wp-json\/wp\/v2\/pages\/10","targetHints":{"allow":["GET"]}}],"collection":[{"href":"https:\/\/transportadorazarco.com\/index.php\/wp-json\/wp\/v2\/pages"}],"about":[{"href":"https:\/\/transportadorazarco.com\/index.php\/wp-json\/wp\/v2\/types\/page"}],"author":[{"embeddable":true,"href":"https:\/\/transportadorazarco.com\/index.php\/wp-json\/wp\/v2\/users\/1"}],"replies":[{"embeddable":true,"href":"https:\/\/transportadorazarco.com\/index.php\/wp-json\/wp\/v2\/comments?post=10"}],"version-history":[{"count":8,"href":"https:\/\/transportadorazarco.com\/index.php\/wp-json\/wp\/v2\/pages\/10\/revisions"}],"predecessor-version":[{"id":195,"href":"https:\/\/transportadorazarco.com\/index.php\/wp-json\/wp\/v2\/pages\/10\/revisions\/195"}],"wp:attachment":[{"href":"https:\/\/transportadorazarco.com\/index.php\/wp-json\/wp\/v2\/media?parent=10"}],"curies":[{"name":"wp","href":"https:\/\/api.w.org\/{rel}","templated":true}]}}